{"id":2718,"date":"2014-11-11T16:20:47","date_gmt":"2014-11-11T14:20:47","guid":{"rendered":"http:\/\/exaflow.whiteops.de\/?page_id=2718"},"modified":"2026-01-16T09:50:49","modified_gmt":"2026-01-16T07:50:49","slug":"distribution-partners","status":"publish","type":"page","link":"https:\/\/exaflow.de\/en\/contact\/distribution-partners\/","title":{"rendered":"Distribution partners"},"content":{"rendered":"<h1><a href=\"\/wp-content\/uploads\/2013\/10\/exa_kontakt_partner_icon.png\"><img decoding=\"async\" width=\"45\" height=\"45\" class=\"size-full wp-image-2035 alignleft\" src=\"\/wp-content\/uploads\/2013\/10\/exa_kontakt_partner_icon.png\" alt=\"exa_kontakt_partner_icon\" \/><\/a>Distribution partners<\/h1>\n<p id=\"file-tabs-shortcode-LC1\"><div class=\"two_thirds\"> \n<!-- the tabs --><ul class=\"tabs\"><li><a href=\"#t1\">Europe<\/a><\/li>\n<li><a href=\"#t2\">North and South America<\/a><\/li>\n<li><a href=\"#t3\">Africa<\/a><\/li>\n<li><a href=\"#t4\">Asia<\/a><\/li><\/ul>\n<!-- tab \"panes\" --><ul class=\"tabs-content\"><li id=\"t1Tab\"><\/p>\n<p id=\"file-toggles-shortcode-LC1\"><div class=\"list\"><p class=\"trigger\"><a href=\"#\">Belgium<\/a><\/p><div class=\"toggle_container\"><div class=\"block\"><\/p>\n<p><strong>Exaflow GmbH &amp; Co. KG<\/strong><br \/>\nSteinsch\u00f6nauer Str. 4c<br \/>\n64823 Gro\u00df-Umstadt<br \/>\nGermany<\/p>\n<p>Tel. +49 6078 7891-0<br \/>\nFax +49 6078 7891-33<br \/>\ninfo@exaflow.de<br \/>\n<a href=\"https:\/\/www.exaflow.de\">www.exaflow.de<\/a><\/p>\n<p><\/div><\/div><\/div><\/p>\n<p id=\"file-toggles-shortcode-LC4\"><div class=\"list\"><p class=\"trigger\"><a href=\"#\">Bosnia-Herzegovina<\/a><\/p><div class=\"toggle_container\"><div class=\"block\"><\/p>\n<p id=\"file-toggles-shortcode-LC5\"><strong>Exaflow GmbH &amp; Co. KG<\/strong><br \/>\nSteinsch\u00f6nauer Str. 4c<br \/>\n64823 Gro\u00df-Umstadt<br \/>\nGermany<\/p>\n<p>Tel. +49 6078 7891-0<br \/>\nFax +49 6078 7891-33<br \/>\ninfo@exaflow.de<br \/>\n<a href=\"https:\/\/www.exaflow.de\">www.exaflow.de<\/a><\/p>\n<p id=\"file-toggles-shortcode-LC6\"><\/div><\/div><\/div><\/p>\n<p><div class=\"list\"><p class=\"trigger\"><a href=\"#\">Bulgaria<\/a><\/p><div class=\"toggle_container\"><div class=\"block\"><\/p>\n<p><strong>Commset Ltd.<\/strong><br \/>\nAndrey Lyapchev blvd. 4<br \/>\nMalinova Dolina<br \/>\n1797 Sofia<\/p>\n<p>Tel. +359 888 436 349<br \/>\noffice@commtech-bg.eu<br \/>\n<a href=\"https:\/\/www.commtech-bg.eu\">www.commtech-bg.eu<\/a><\/p>\n<p><\/div><\/div><\/div><\/p>\n<p><div class=\"list\"><p class=\"trigger\"><a href=\"#\">Denmark<\/a><\/p><div class=\"toggle_container\"><div class=\"block\"><\/p>\n<p><strong>NT norm-teknik as<br \/>\n<\/strong>Industrivej 34<br \/>\n6070 Christiansfeld<br \/>\nDenmark<\/p>\n<p>Tel. +45 7456 0100<br \/>\nFax +45 7456 1333l<br \/>\nnt@norm-teknik.dk<br \/>\n<a href=\"https:\/\/www.norm-teknik.dk\">www.norm-teknik.dk<\/a><\/p>\n<p><\/div><\/div><\/div><\/p>\n<p><div class=\"list\"><p class=\"trigger\"><a href=\"#\">Germany<\/a><\/p><div class=\"toggle_container\"><div class=\"block\"><\/p>\n<p><strong>Exaflow GmbH &amp; Co. KG<\/strong><br \/>\nSteinsch\u00f6nauer Str. 4c<br \/>\n64823 Gro\u00df-Umstadt<\/p>\n<p>Tel. +49 6078 7891-0<br \/>\nFax +49 6078 7891-33<br \/>\ninfo@exaflow.de<br \/>\n<a href=\"https:\/\/www.exaflow.de\">www.exaflow.de<\/a><\/p>\n<p><\/div><\/div><\/div><\/p>\n<p><div class=\"list\"><p class=\"trigger\"><a href=\"#\">Finland<\/a><\/p><div class=\"toggle_container\"><div class=\"block\"><\/p>\n<p><strong>Fodesco OY<\/strong><br \/>\nHirsikankaantie 2<br \/>\n80710 Lehmo<\/p>\n<p>Tel. +358 400 303 101<br \/>\nFax +358 13 268 1011<br \/>\nsales@fodesco.fi<br \/>\n<a href=\"https:\/\/www.Fodesco.fi\">www.Fodesco.fi<\/a><\/p>\n<p><\/div><\/div><\/div><\/p>\n<p id=\"file-toggles-shortcode-LC1\"><div class=\"list\"><p class=\"trigger\"><a href=\"#\">France<\/a><\/p><div class=\"toggle_container\"><div class=\"block\"><\/p>\n<p><strong>LYPSIS Oyonnax<\/strong><br \/>\n11 rue de la Prairie<br \/>\n01100 Groissiat<\/p>\n<p>Tel. +33 <span class=\"tel\">0474733535<\/span><br \/>\nFax +33 <span class=\"fax\">0474819110<\/span><br \/>\nfi.oyonnax@lypsis.fr<br \/>\n<a href=\"https:\/\/www.lypsis.fr\/\">www.lypsis.fr<\/a><\/p>\n<p id=\"file-toggles-shortcode-LC3\"><\/div><\/div><\/div><\/p>\n<p id=\"file-toggles-shortcode-LC4\"><div class=\"list\"><p class=\"trigger\"><a href=\"#\">Greece<\/a><\/p><div class=\"toggle_container\"><div class=\"block\"><\/p>\n<p><strong>Exaflow GmbH &amp; Co. KG<\/strong><br \/>\nSteinsch\u00f6nauer Str. 4c<br \/>\n64823 Gro\u00df-Umstadt<\/p>\n<p>Tel. +49 6078 7891-0<br \/>\nFax +49 6078 7891-33<br \/>\ninfo@exaflow.de<br \/>\n<a href=\"https:\/\/www.exaflow.de\">www.exaflow.de<\/a><\/p>\n<p id=\"file-toggles-shortcode-LC6\"><\/div><\/div><\/div><\/p>\n<p id=\"file-toggles-shortcode-LC7\"><div class=\"list\"><p class=\"trigger\"><a href=\"#\">Great Britain<\/a><\/p><div class=\"toggle_container\"><div class=\"block\"><\/p>\n<p><strong>Diemould Service Co. Ltd.<\/strong><br \/>\nUnit 4, Anglo Office Park, Lincoln Road<br \/>\nHIGH WYCOMBE, Buckinghamshire, HP12 3RH<\/p>\n<p>Tel. +44 1494 523811<br \/>\nFax +44 1494 452898<br \/>\nangela.stubberfield@dms-diemould.co.uk<br \/>\n<a href=\"https:\/\/www.dms-diemould.co.uk\">www.dms-diemould.co.uk<\/a><\/p>\n<p>&#8212;<\/p>\n<p><strong>DANLY UK LIMITED<\/strong><br \/>\n2, Aintree Road, Perivale<br \/>\nGreenford, Middlesex, UB6 7LA<\/p>\n<p>Tel. +44 121 585 7171<br \/>\nFax +44 121 585 7272 E-Mail sales@danly.co.uk<br \/>\n<a href=\"https:\/\/www.danlyuk.com\">www.danlyuk.com<\/a><\/p>\n<p id=\"file-toggles-shortcode-LC9\"><\/div><\/div><\/div><\/p>\n<p id=\"file-toggles-shortcode-LC1\"><div class=\"list\"><p class=\"trigger\"><a href=\"#\">Italy<\/a><\/p><div class=\"toggle_container\"><div class=\"block\"><\/p>\n<p id=\"file-toggles-shortcode-LC2\"><strong>TECAUT s.r.l.<\/strong><br \/>\nVia Civerchi 4 25036<br \/>\nPalazzolo s\/Oglio (BS)<\/p>\n<p>Tel. +39 030 7435135<br \/>\ninfo@tecaut.it<br \/>\n<a href=\"https:\/\/www.tecaut.it\">www.tecaut.it<\/a><\/p>\n<p id=\"file-toggles-shortcode-LC3\"><\/div><\/div><\/div><\/p>\n<p id=\"file-toggles-shortcode-LC4\"><div class=\"list\"><p class=\"trigger\"><a href=\"#\">Latvia<\/a><\/p><div class=\"toggle_container\"><div class=\"block\"><\/p>\n<p id=\"file-toggles-shortcode-LC5\"><strong>Exaflow GmbH &amp; Co. KG<\/strong><br \/>\nSteinsch\u00f6nauer Str. 4c<br \/>\n64823 Gro\u00df-Umstadt<br \/>\nGermany<\/p>\n<p>Tel. +49 6078 7891-0<br \/>\nFax +49 6078 7891-33<br \/>\ninfo@exaflow.de<br \/>\n<a href=\"https:\/\/www.exaflow.de\">www.exaflow.de<\/a><\/p>\n<p id=\"file-toggles-shortcode-LC6\"><\/div><\/div><\/div><\/p>\n<p id=\"file-toggles-shortcode-LC7\"><div class=\"list\"><p class=\"trigger\"><a href=\"#\">Lithuania<\/a><\/p><div class=\"toggle_container\"><div class=\"block\"><\/p>\n<p id=\"file-toggles-shortcode-LC5\"><strong>Exaflow GmbH &amp; Co. KG<\/strong><br \/>\nSteinsch\u00f6nauer Str. 4c<br \/>\n64823 Gro\u00df-Umstadt<br \/>\nGermany<\/p>\n<p>Tel. +49 6078 7891-0<br \/>\nFax +49 6078 7891-33<br \/>\ninfo@exaflow.de<br \/>\n<a href=\"https:\/\/www.exaflow.de\">www.exaflow.de<\/a><\/p>\n<p id=\"file-toggles-shortcode-LC9\"><\/div><\/div><\/div><\/p>\n<p><div class=\"list\"><p class=\"trigger\"><a href=\"#\">Netherlands<\/a><\/p><div class=\"toggle_container\"><div class=\"block\"><\/p>\n<p><strong>Exaflow GmbH &amp; Co. KG<\/strong><br \/>\nSteinsch\u00f6nauer Str. 4c<br \/>\n64823 Gro\u00df-Umstadt<br \/>\nGermany<\/p>\n<p>Tel. +49 6078 7891-0<br \/>\nFax +49 6078 7891-33<br \/>\ninfo@exaflow.de<br \/>\n<a href=\"https:\/\/www.exaflow.de\">www.exaflow.de<\/a><\/p>\n<p><\/div><\/div><\/div><\/p>\n<p><div class=\"list\"><p class=\"trigger\"><a href=\"#\">Austria<\/a><\/p><div class=\"toggle_container\"><div class=\"block\"><\/p>\n<p><strong>Zotter Werkzeug-Normalien<\/strong><br \/>\nSch\u00f6nfeldgasse 36<br \/>\n2435 Ebergassing<\/p>\n<p>Tel. +43 664 910 02 06<br \/>\nFax +43 2234 72010<br \/>\noffice@zotter-normalien.at<br \/>\n<a href=\"https:\/\/www.zotter-normalien.at\">www.zotter-normalien.at<\/a><\/p>\n<p><\/div><\/div><\/div><\/p>\n<p><div class=\"list\"><p class=\"trigger\"><a href=\"#\">Poland<\/a><\/p><div class=\"toggle_container\"><div class=\"block\"><\/p>\n<p id=\"file-toggles-shortcode-LC5\"><strong>MOD-EM Jan i Waleria Andersohn s.c.<\/strong><br \/>\nKoronowska 23<br \/>\n85-405 Bydgoszcz<\/p>\n<p>Tel. +48 052 327 70 12<a href=\"https:\/\/www.exaflow.de\"><br \/>\n<\/a>Fax +48 052 327 75 43<a href=\"https:\/\/www.exaflow.de\"><br \/>\n<\/a>Mob. +48 602 242034<a href=\"https:\/\/www.exaflow.de\"><br \/>\n<\/a>mod-em@mod-em.com.pl<a href=\"https:\/\/www.exaflow.de\"><br \/>\n<\/a><a href=\"https:\/\/www.mod-em.com.pl\">www.mod-em.com.pl<\/a><\/p>\n<p><\/div><\/div><\/div><\/p>\n<p><div class=\"list\"><p class=\"trigger\"><a href=\"#\">Portugal<\/a><\/p><div class=\"toggle_container\"><div class=\"block\"><\/p>\n<p><strong>Manuel E. Miranda LDA<\/strong><br \/>\nRua da Covina, 21<br \/>\n2430-288 Marinha Grande<\/p>\n<p>Tel. +351 244 572 260<br \/>\nFax +351 244 572 269<br \/>\nacessorios@memiranda.pt<br \/>\n<a href=\"https:\/\/www.memiranda.pt\">www.memiranda.pt<\/a><\/p>\n<p><\/div><\/div><\/div><\/p>\n<p><div class=\"list\"><p class=\"trigger\"><a href=\"#\">Romania<\/a><\/p><div class=\"toggle_container\"><div class=\"block\"><\/p>\n<p><strong>Tehnic Mold SRL<\/strong><br \/>\nStr. W. A. Mozart nr. 17<br \/>\n020251 Bucuresti-Sector 1<br \/>\nRomania<\/p>\n<p>Tel. +40 21 230 60 51<br \/>\nFax +40 21 231 05 86<br \/>\ncontact@matritehightech.ro<br \/>\n<a href=\"https:\/\/www.matritehightech.ro\">www.matritehightech.ro<\/a><\/p>\n<p><\/div><\/div><\/div><\/p>\n<p><div class=\"list\"><p class=\"trigger\"><a href=\"#\">Sweden<\/a><\/p><div class=\"toggle_container\"><div class=\"block\"><\/p>\n<p><strong>Temec AB<\/strong><br \/>\nMedeviv\u00e4gen 73<br \/>\n591 50 Motala<\/p>\n<p>Tel. +46 141 2370 60<br \/>\nFax +46 141 2370 61<br \/>\ninfo@temec.se<br \/>\n<a href=\"https:\/\/www.temec.se\">www.temec.se<\/a><\/p>\n<p><\/div><\/div><\/div><\/p>\n<p id=\"file-toggles-shortcode-LC1\"><div class=\"list\"><p class=\"trigger\"><a href=\"#\">Switzerland<\/a><\/p><div class=\"toggle_container\"><div class=\"block\"><\/p>\n<p id=\"file-toggles-shortcode-LC5\"><strong>Exaflow GmbH &amp; Co. KG<\/strong><br \/>\nSteinsch\u00f6nauer Str. 4c<br \/>\n64823 Gro\u00df-Umstadt<br \/>\nGermany<\/p>\n<p>Tel. +49 6078 7891-0<br \/>\nFax +49 6078 7891-33<br \/>\ninfo@exaflow.de<br \/>\n<a href=\"https:\/\/www.exaflow.de\">www.exaflow.de<\/a><\/p>\n<p><\/div><\/div><\/div><\/p>\n<p id=\"file-toggles-shortcode-LC4\"><div class=\"list\"><p class=\"trigger\"><a href=\"#\">Spain<\/a><\/p><div class=\"toggle_container\"><div class=\"block\"><\/p>\n<p><strong>ELDRACHER S.L.<\/strong><br \/>\nC\/. Manuel Fern\u00e1ndez M\u00e1rquez, 66 &#8211; 68<br \/>\nParque Empresarial Granland<br \/>\n08918 Badalona<\/p>\n<p>Tel. +34 932 842 054<br \/>\nFax +34 932 841 901<br \/>\neldracher@eldrachersl.es<br \/>\n<a href=\"https:\/\/www.eldrachersl.es\">www.eldrachersl.es<\/a><\/p>\n<p id=\"file-toggles-shortcode-LC6\"><\/div><\/div><\/div><\/p>\n<p id=\"file-toggles-shortcode-LC7\"><div class=\"list\"><p class=\"trigger\"><a href=\"#\">Czech Republic<\/a><\/p><div class=\"toggle_container\"><div class=\"block\"><\/p>\n<p id=\"file-toggles-shortcode-LC8\"><strong>CECHO Bohumil Cempirek<\/strong><br \/>\nPolnicka 151<br \/>\n591 01 \u017ddar nad S\u00e1zavo<\/p>\n<p>Tel. +420 566 620 705<br \/>\nFax +420 566 620 706<br \/>\ncecho@cecho.cz<\/p>\n<p><a href=\"https:\/\/www.cecho.cz\">www.cecho.cz<\/a><\/p>\n<p id=\"file-toggles-shortcode-LC9\"><\/div><\/div><\/div><\/p>\n<p id=\"file-toggles-shortcode-LC1\"><div class=\"list\"><p class=\"trigger\"><a href=\"#\">Turkey<\/a><\/p><div class=\"toggle_container\"><div class=\"block\"><\/p>\n<p><strong>G\u00fcvenal Kalip Flemanlari A.S.<\/strong><\/p>\n<p>Rami Kisla Cad. Emintas-3 San. Sit. 65<br \/>\n34055 Topcular &#8211; Eyup \/ Istanbul<\/p>\n<p>Tel. +90 212 501 5381<br \/>\nFax +90 212 577 3743<br \/>\ninfo@guvenal.net<br \/>\n<a href=\"https:\/\/www.guvenal.net\">www.guvenal.net<\/a><\/p>\n<p id=\"file-toggles-shortcode-LC3\"><\/div><\/div><\/div><\/p>\n<p id=\"file-toggles-shortcode-LC4\"><div class=\"list\"><p class=\"trigger\"><a href=\"#\">Ukraine<\/a><\/p><div class=\"toggle_container\"><div class=\"block\"><\/p>\n<p id=\"file-toggles-shortcode-LC5\"><strong>Exaflow GmbH &amp; Co. KG<\/strong><br \/>\nSteinsch\u00f6nauer Str. 4c<br \/>\n64823 Gro\u00df-Umstadt<br \/>\nGermany<\/p>\n<p>Tel. +49 6078 7891-0<br \/>\nFax +49 6078 7891-33<br \/>\ninfo@exaflow.de<br \/>\n<a href=\"https:\/\/www.exaflow.de\">www.exaflow.de<\/a><\/p>\n<p id=\"file-toggles-shortcode-LC6\"><\/div><\/div><\/div><\/p>\n<p id=\"file-toggles-shortcode-LC4\"><div class=\"list\"><p class=\"trigger\"><a href=\"#\">Hungary<\/a><\/p><div class=\"toggle_container\"><div class=\"block\"><\/p>\n<p><strong>TEMI-M\u00c9RN\u00d6K Tervez\u0151- \u00e9s M\u00e9rn\u00f6ki Iroda Kft.<\/strong><br \/>\nK\u00fcls\u0151 R\u00e1k\u00f3czi F. utca 12.<br \/>\n9142 R\u00e1bapatona<\/p>\n<p>Tel. +36 96 583 100<br \/>\nFax +36 96 583 103<br \/>\n<a href=\"mailto:temi@temi.hu\">temi@temi.hu<\/a><br \/>\n<a href=\"http:\/\/temi.hu\/hu\/\">www.temi.hu<\/a><\/p>\n<p id=\"file-toggles-shortcode-LC6\"><\/div><\/div><\/div><\/p>\n<p><\/li>\n<li id=\"t2Tab\"><\/p>\n<p id=\"file-toggles-shortcode-LC1\"><div class=\"list\"><p class=\"trigger\"><a href=\"#\">Canada<\/a><\/p><div class=\"toggle_container\"><div class=\"block\"><\/p>\n<p><strong>DMS &#8211; Diemould Service Company (Canada)<\/strong><br \/>\n1875 Blackacre Drive<br \/>\nOldcastle, Ontario N0R 1L0<\/p>\n<p>Tel. +519 737 6743, 800 2654885<br \/>\nFax +519 737 6744, 800 8453807<br \/>\nsales@dmscomponents.com<br \/>\n<a href=\"https:\/\/dmscomponents.com\/\">www.dmscomponents.com<\/a><\/p>\n<p>&#8212;<\/p>\n<p id=\"file-toggles-shortcode-LC3\"><\/div><\/div><\/div><\/p>\n<p id=\"file-toggles-shortcode-LC4\"><div class=\"list\"><p class=\"trigger\"><a href=\"#\">Brazil<\/a><\/p><div class=\"toggle_container\"><div class=\"block\"><\/p>\n<p><strong>Casa do Ferramenteiro LTDA<\/strong><br \/>\nRua Taubat\u00e9, 45 \u2013 Guanabara<br \/>\n89207-750 Joinville &#8211; SC<\/p>\n<p>Tel. +55 47 3027 1019<br \/>\nFax +55 47 3027 6565<br \/>\nallan@casafer.com.br<br \/>\n<a href=\"https:\/\/casafer.com.br\/\">www.casafer.com.br<\/a><\/p>\n<p id=\"file-toggles-shortcode-LC6\"><\/div><\/div><\/div><\/p>\n<p id=\"file-toggles-shortcode-LC7\"><div class=\"list\"><p class=\"trigger\"><a href=\"#\">USA<\/a><\/p><div class=\"toggle_container\"><div class=\"block\"><\/p>\n<p><strong>DME Company LLC.<\/strong><br \/>\n29111 Stephenson Highway<br \/>\nMadison Heights, MI 48071<\/p>\n<p>Tel. +248.398.6000<br \/>\nFax +248.544.5113<br \/>\ndme@dme.net<\/p>\n<p><a href=\"https:\/\/www.dme.net\">www.dme.net<\/a><\/p>\n<p>&#8212;<\/p>\n<p><strong>DMS &#8211; Diemould Service Company (Illinois)<\/strong><br \/>\n1591 Elmhurst Rd<br \/>\nElk Grove Village, IL 60007<\/p>\n<p>Tel. +847 885 6007, +888 766 8006<br \/>\nFax +847 885 6075, +800 367 4199<br \/>\nsales@dmscomponents.com<br \/>\n<a href=\"https:\/\/dmscomponents.com\/\">www.dmscomponents.com<\/a><\/p>\n<p>&#8212;<\/p>\n<p><strong>DMS &#8211; Diemould Service Company (California)<\/strong><br \/>\n1609 S Grove Ave Suite 111<br \/>\nOntario, CA 91761<\/p>\n<p>Tel. +714 751 1615, +800 421 3993<br \/>\nFax +714 751 3861, +800 953 9561<br \/>\nsales@dmscomponents.com<br \/>\n<a href=\"https:\/\/dmscomponents.com\/\">www.dmscomponents.com<\/a><\/p>\n<p id=\"file-toggles-shortcode-LC9\"><\/div><\/div><\/div><\/p>\n<p><\/li>\n<li id=\"t3Tab\"><\/p>\n<p><strong>Form Mould Services cc<\/strong><br \/>\n11 Carter Street<br \/>\n1739 Delporton, Krugersdorp<br \/>\nSouth Africa<\/p>\n<p>Tel. +27 11953 3947<br \/>\nFax +27 11953 4994<br \/>\noliver@fms-sa.co.za<br \/>\n<a href=\"https:\/\/www.fms-sa.co.za\">www.fms-sa.co.za<\/a><br \/>\n<\/li>\n<li id=\"t4Tab\"><\/p>\n<p><div class=\"list\"><p class=\"trigger\"><a href=\"#\">China<\/a><\/p><div class=\"toggle_container\"><div class=\"block\"><\/p>\n<p id=\"file-toggles-shortcode-LC5\"><strong>Shenzhen Keyway Precision Components Co.,Ltd<\/strong><br \/>\nRoom 202, Flat C, Biao Fan Technical Plaza, No 6 industrial Avenue, Tangwei Community, Fuhai Street<br \/>\n518103 Baoan District, Shenzhen<\/p>\n<p>China<\/p>\n<p>Tel. +86-755-8605 2457\/8605 2465<br \/>\nFax +86-755-8605 2325<br \/>\n<a href=\"mailto:yong.xu@kytrading.com\">yong.xu@kytrading.com<\/a><br \/>\n<a href=\"https:\/\/www.kytrading.com\/\">www.kytrading.com<\/a><\/p>\n<p id=\"file-toggles-shortcode-LC5\"><strong>Suzhou Office:<\/strong><br \/>\nRoom 205, Flat C, Boji Technology Park, No 2 Taishan Road<br \/>\n215000 New District, Suzhou<\/p>\n<p>China<\/p>\n<p>Tel. +86-512-8860-2039<br \/>\nFax +86-512-8860-6396<br \/>\n<a href=\"mailto:baozhu.li@kytrading.com\">baozhu.li@kytrading.com<\/a><\/p>\n<p><a href=\"https:\/\/www.kytrading.com\/\">www.kytrading.com<\/a><\/p>\n<p><\/div><\/div><\/div><\/p>\n<p><div class=\"list\"><p class=\"trigger\"><a href=\"#\">Hong Kong<\/a><\/p><div class=\"toggle_container\"><div class=\"block\"><\/p>\n<p id=\"file-toggles-shortcode-LC5\"><strong>Exaflow GmbH &amp; Co. KG<\/strong><br \/>\nSteinsch\u00f6nauer Str. 4c<br \/>\n64823 Gro\u00df-Umstadt<br \/>\nGermany<\/p>\n<p>Tel. +49 6078 7891-0<br \/>\nFax +49 6078 7891-33<br \/>\ninfo@exaflow.de<br \/>\n<a href=\"https:\/\/www.exaflow.de\">www.exaflow.de<\/a><\/p>\n<p><\/div><\/div><\/div><\/p>\n<p><div class=\"list\"><p class=\"trigger\"><a href=\"#\">India<\/a><\/p><div class=\"toggle_container\"><div class=\"block\"><\/p>\n<p><strong>Sunita Tools Pvt Ltd<\/strong><br \/>\n10, Bhola Bhagwan Industrial Estate I.B. Patel Road, Goregaon (East)<br \/>\nMumbai &#8211; 400063<\/p>\n<p>Tel. +91 9920113327<br \/>\nsatishpandey@sunitagroup.com<\/p>\n<p><\/div><\/div><\/div><\/p>\n<p id=\"file-toggles-shortcode-LC1\"><div class=\"list\"><p class=\"trigger\"><a href=\"#\">Indonesia<\/a><\/p><div class=\"toggle_container\"><div class=\"block\"><\/p>\n<p id=\"file-toggles-shortcode-LC2\"><strong>Ziling Enterprise<\/strong><br \/>\nBlk.519A, Ang Mo Kio Road, Street 51, #25-45<br \/>\nSingapore 561591<\/p>\n<p>Tel. +65 9320 4648<br \/>\nFax +65 6296 6550<br \/>\nsales@zilingent.com<br \/>\n<a href=\"https:\/\/www.zilingent.com\">www.zilingent.com<\/a><\/p>\n<p id=\"file-toggles-shortcode-LC3\"><\/div><\/div><\/div><\/p>\n<p id=\"file-toggles-shortcode-LC4\"><div class=\"list\"><p class=\"trigger\"><a href=\"#\">South Korea<\/a><\/p><div class=\"toggle_container\"><div class=\"block\"><\/p>\n<p><strong>EXAFLOW KOREA Co., Ltd.<\/strong><br \/>\n121, Digital-ro, Rm# 310, Ace Gasan Tower<br \/>\nGasan-Dong<br \/>\nSeoul 08505<\/p>\n<p>Tel. +82 2 617-6927<br \/>\nFax +82 2 617-4803<br \/>\nbareun@exaflowkorea.co.kr<br \/>\n<a href=\"https:\/\/www.exaflowkorea.co.kr\">www.exaflowkorea.co.kr<\/a><\/p>\n<p id=\"file-toggles-shortcode-LC6\"><\/div><\/div><\/div><\/p>\n<p id=\"file-toggles-shortcode-LC7\"><div class=\"list\"><p class=\"trigger\"><a href=\"#\">Singapore \/ Malaysia<\/a><\/p><div class=\"toggle_container\"><div class=\"block\"><\/p>\n<p id=\"file-toggles-shortcode-LC8\"><strong>Ziling Enterprise<\/strong><br \/>\nBlk.519A, Ang Mo Kio Road, Street 51, #25-45<br \/>\nSingapore 561591<\/p>\n<p>Tel. +65 9320 4648<br \/>\nFax +65 6296 6550<br \/>\nsales@zilingent.com<br \/>\n<a href=\"https:\/\/www.zilingent.com\">www.zilingent.com<\/a><\/p>\n<p id=\"file-toggles-shortcode-LC9\"><\/div><\/div><\/div><\/p>\n<p id=\"file-toggles-shortcode-LC7\"><div class=\"list\"><p class=\"trigger\"><a href=\"#\">Taiwan<\/a><\/p><div class=\"toggle_container\"><div class=\"block\"><\/p>\n<p id=\"file-toggles-shortcode-LC8\"><strong>Lyedm Industrial Corp.<\/strong><br \/>\n7Fl., No.531, Chung Cheng Road<br \/>\nHsien Tien City Taipei Hsien<\/p>\n<p>Tel. +886 2 221 84 996<br \/>\nFax +886 2 221 85 356<br \/>\nlyedm@lyedm.com<br \/>\n<a href=\"https:\/\/www.lyedm.com\">www.lyedm.com<\/a><\/p>\n<p id=\"file-toggles-shortcode-LC9\"><\/div><\/div><\/div><\/p>\n<p><\/li><\/ul>\n<\/p>\n<p><\/div><\/p>\n","protected":false},"excerpt":{"rendered":"<p>Distribution partners<\/p>\n","protected":false},"author":4,"featured_media":0,"parent":2662,"menu_order":0,"comment_status":"open","ping_status":"closed","template":"start-page.php","meta":{"footnotes":""},"class_list":["post-2718","page","type-page","status-publish","hentry"],"_links":{"self":[{"href":"https:\/\/exaflow.de\/en\/wp-json\/wp\/v2\/pages\/2718","targetHints":{"allow":["GET"]}}],"collection":[{"href":"https:\/\/exaflow.de\/en\/wp-json\/wp\/v2\/pages"}],"about":[{"href":"https:\/\/exaflow.de\/en\/wp-json\/wp\/v2\/types\/page"}],"author":[{"embeddable":true,"href":"https:\/\/exaflow.de\/en\/wp-json\/wp\/v2\/users\/4"}],"replies":[{"embeddable":true,"href":"https:\/\/exaflow.de\/en\/wp-json\/wp\/v2\/comments?post=2718"}],"version-history":[{"count":2,"href":"https:\/\/exaflow.de\/en\/wp-json\/wp\/v2\/pages\/2718\/revisions"}],"predecessor-version":[{"id":8653,"href":"https:\/\/exaflow.de\/en\/wp-json\/wp\/v2\/pages\/2718\/revisions\/8653"}],"up":[{"embeddable":true,"href":"https:\/\/exaflow.de\/en\/wp-json\/wp\/v2\/pages\/2662"}],"wp:attachment":[{"href":"https:\/\/exaflow.de\/en\/wp-json\/wp\/v2\/media?parent=2718"}],"curies":[{"name":"wp","href":"https:\/\/api.w.org\/{rel}","templated":true}]}}