{"id":2607,"date":"2014-11-10T15:23:35","date_gmt":"2014-11-10T13:23:35","guid":{"rendered":"http:\/\/exaflow.whiteops.de\/?page_id=2607"},"modified":"2024-08-30T13:50:33","modified_gmt":"2024-08-30T11:50:33","slug":"maxiflow-gxk","status":"publish","type":"page","link":"https:\/\/exaflow.de\/en\/products\/tunnel-gate-inserts\/maxiflow-gxk\/","title":{"rendered":"Maxiflow &#8211; GXK"},"content":{"rendered":"<p><div class=\"one_fourth\"><\/p>\n<p><a href=\"https:\/\/exaflow.de\/wp-content\/uploads\/2023\/11\/maxiflow-gxk-web.png\"><img decoding=\"async\" class=\"alignnone wp-image-7436 size-full\" src=\"https:\/\/exaflow.de\/wp-content\/uploads\/2023\/11\/maxiflow-gxk-web.png\" alt=\"\" width=\"264\" height=\"200\" srcset=\"https:\/\/exaflow.de\/wp-content\/uploads\/2023\/11\/maxiflow-gxk-web.png 264w, https:\/\/exaflow.de\/wp-content\/uploads\/2023\/11\/maxiflow-gxk-web-150x114.png 150w\" sizes=\"(max-width: 264px) 100vw, 264px\" \/><\/a><\/p>\n<p><\/div><div class=\"one_half\"><\/p>\n<p style=\"text-align: left;\"><span style=\"color: #304d70;\">TECHNICAL INFORMATION:<\/span><\/p>\n<p style=\"text-align: left;\"><strong>For tunnel gating of medium-to-large sized mouldings.<\/strong><\/p>\n<p>Supports contouring to a depth of 10 mm. Suitable for gate diameters up to 3.5 mm and shot weights up to 1,200 g per insert.<\/p>\n<p>Available types are GXK-1, GXK-2 and GXK-3.<\/p>\n<p>The Maxiflow from EXAflow\u00ae can be used to process all common plastics, including reinforced types (e.g., PA comprising 50% glass fiber).<\/p>\n<pre><a href=\"https:\/\/exaflow.de\/wp-content\/uploads\/2023\/11\/calotte-desing.pdf\"><strong><span style=\"color: #003366;\"> &lt;&lt; Please check the instructions for the calotte design!<\/span> <\/strong><\/a><\/pre>\n<pre><strong><span style=\"color: #003366;\">For a technical enquiry, please send us the following data: <\/span><a href=\"https:\/\/exaflow.de\/wp-content\/uploads\/2024\/08\/Daten-Symbol.png\"><img decoding=\"async\" class=\"wp-image-8158 alignright\" title=\"* Please send us your 3D data in Step AP 214 as a closed volume model solid model and in tool position. Please mark the position at which the injection moulding is to take place, either with spheres in the CAD data set (assembly), or another marking, e.g. as a screen image (screenshot) with arrows. * Data sheet of the plastic part with elongation at break and stress-strain diagram. The elongation at break must be at least 40% - 50%. Our Exaflow's work up to approx. 3000 Mpa (Megapascal) modulus of elasticity. * Weight of the plastic part. * Please send all data as zip file by e-mail. * E-mail: info@exaflow.de\" src=\"https:\/\/exaflow.de\/wp-content\/uploads\/2024\/08\/Daten-Symbol.png\" alt=\"\" width=\"50\" height=\"42\" srcset=\"https:\/\/exaflow.de\/wp-content\/uploads\/2024\/08\/Daten-Symbol.png 278w, https:\/\/exaflow.de\/wp-content\/uploads\/2024\/08\/Daten-Symbol-150x127.png 150w\" sizes=\"(max-width: 50px) 100vw, 50px\" \/><\/a><\/strong><\/pre>\n<p><\/div><div class=\"one_fourth last\"><\/div><div class=\"clear\"><\/div><div class=\"one_half\">\u00a0<a href=\"https:\/\/exaflow.de\/en\/products\/tunnel-gate-inserts\/\"><span style=\"background-color: #273d66; color: #ffffff;\"> &lt;&lt; PRODUCT OVERVIEW\u00a0<\/span><\/a><\/div><div class=\"one_half last\"><\/div><div class=\"clear\"><\/div><\/p>\n<hr \/>\n<div><\/div>\n<div class=\"three_fourths last\" style=\"float: right;\">\n<p>\n<!-- the tabs --><ul class=\"tabs\"><li><a href=\"#t1\">Sizes<\/a><\/li>\n<li><a href=\"#t2\">Installation<\/a><\/li>\n<li><a href=\"#t3\">Dimensions<\/a><\/li>\n<li><a href=\"#t5\">TPE<\/a><\/li>\n<li><a href=\"#t9\">Gate sizes<\/a><\/li>\n<li><a href=\"#t12\">Material<\/a><\/li><\/ul>\n<!-- tab \"panes\" --><ul class=\"tabs-content\"><li id=\"t1Tab\"><div class=\"one_half\"><a href=\"https:\/\/exaflow.de\/wp-content\/uploads\/2020\/01\/gxk1_zeichnung-web-2020.png\"><img decoding=\"async\" class=\"alignnone wp-image-5127\" src=\"https:\/\/exaflow.de\/wp-content\/uploads\/2020\/01\/gxk1_zeichnung-web-2020-300x139.png\" alt=\"\" width=\"350\" height=\"163\" srcset=\"https:\/\/exaflow.de\/wp-content\/uploads\/2020\/01\/gxk1_zeichnung-web-2020-300x139.png 300w, https:\/\/exaflow.de\/wp-content\/uploads\/2020\/01\/gxk1_zeichnung-web-2020-768x357.png 768w, https:\/\/exaflow.de\/wp-content\/uploads\/2020\/01\/gxk1_zeichnung-web-2020-150x70.png 150w, https:\/\/exaflow.de\/wp-content\/uploads\/2020\/01\/gxk1_zeichnung-web-2020.png 871w\" sizes=\"(max-width: 350px) 100vw, 350px\" \/><\/a><\/p>\n<p style=\"text-align: center;\">GXK1<\/p>\n<p><a href=\"https:\/\/exaflow.de\/wp-content\/uploads\/2020\/01\/gxk2_zeichnung-web-2020.png\"><img decoding=\"async\" class=\"alignnone wp-image-5122\" src=\"https:\/\/exaflow.de\/wp-content\/uploads\/2020\/01\/gxk2_zeichnung-web-2020-300x143.png\" alt=\"\" width=\"350\" height=\"166\" srcset=\"https:\/\/exaflow.de\/wp-content\/uploads\/2020\/01\/gxk2_zeichnung-web-2020-300x143.png 300w, https:\/\/exaflow.de\/wp-content\/uploads\/2020\/01\/gxk2_zeichnung-web-2020-768x365.png 768w, https:\/\/exaflow.de\/wp-content\/uploads\/2020\/01\/gxk2_zeichnung-web-2020-150x71.png 150w, https:\/\/exaflow.de\/wp-content\/uploads\/2020\/01\/gxk2_zeichnung-web-2020.png 854w\" sizes=\"(max-width: 350px) 100vw, 350px\" \/><\/a><\/p>\n<p style=\"text-align: center;\">GXK2<\/p>\n<p><a href=\"https:\/\/exaflow.de\/wp-content\/uploads\/2020\/01\/gxk3_zeichnung-web-2020.png\"><img decoding=\"async\" class=\"alignnone wp-image-5123\" src=\"https:\/\/exaflow.de\/wp-content\/uploads\/2020\/01\/gxk3_zeichnung-web-2020-300x147.png\" alt=\"\" width=\"350\" height=\"171\" srcset=\"https:\/\/exaflow.de\/wp-content\/uploads\/2020\/01\/gxk3_zeichnung-web-2020-300x147.png 300w, https:\/\/exaflow.de\/wp-content\/uploads\/2020\/01\/gxk3_zeichnung-web-2020-768x376.png 768w, https:\/\/exaflow.de\/wp-content\/uploads\/2020\/01\/gxk3_zeichnung-web-2020-150x73.png 150w, https:\/\/exaflow.de\/wp-content\/uploads\/2020\/01\/gxk3_zeichnung-web-2020.png 871w\" sizes=\"(max-width: 350px) 100vw, 350px\" \/><\/a><\/p>\n<p style=\"text-align: center;\">GXK3<\/p>\n<p><\/div> <div class=\"one_half last\"> <img decoding=\"async\" class=\"img-responsive\" src=\"\/wp-content\/uploads\/2013\/10\/gxk_mit_Farbe_deutsch.jpg\" alt=\"Kugelgeometrie mit Anschnittbereich erm\u00f6glicht Anspritzenden an seitlich geneigten oder gew\u00f6lbten Fl\u00e4chen.\" width=\"357\" height=\"358\" \/><\/p>\n<p style=\"text-align: center;\">The spherical geometry in the gate area permits gaiting on inclined or curved surfaces.<\/p>\n<p><\/div><div class=\"clear\"><\/div><\/li>\n<li id=\"t2Tab\">Maxiflow GXK-1 &#8220;Gating point up to 10 mm above the parting line&#8221;\u00a0<strong>Features:<\/strong><\/p>\n<ul>\n<li>Gating point may be located up to 10 mm above the parting line<\/li>\n<li>Permits gating immediately behind projecting ribs<\/li>\n<li>Gate may be remote from moulding wall<\/li>\n<li>The spherical geometry in the gate area permits gating on inclined or curved surfaces<\/li>\n<\/ul>\n<p><div class=\"one_half\"><\/p>\n<p><div id=\"attachment_1107\" style=\"width: 410px\" class=\"wp-caption alignnone\"><img decoding=\"async\" aria-describedby=\"caption-attachment-1107\" class=\"img-responsive wp-image-1107 size-full\" src=\"\/wp-content\/uploads\/2013\/10\/bsp_gxk1_3d.jpg\" alt=\"bsp_gxk1_3d\" width=\"400\" height=\"347\" srcset=\"https:\/\/exaflow.de\/wp-content\/uploads\/2013\/10\/bsp_gxk1_3d.jpg 400w, https:\/\/exaflow.de\/wp-content\/uploads\/2013\/10\/bsp_gxk1_3d-300x260.jpg 300w, https:\/\/exaflow.de\/wp-content\/uploads\/2013\/10\/bsp_gxk1_3d-150x130.jpg 150w\" sizes=\"(max-width: 400px) 100vw, 400px\" \/><p id=\"caption-attachment-1107\" class=\"wp-caption-text\">For best operating results the Maxiflow insert requires one central ejector and one supporting ejector. Please ensure that all sharp edges in the runner are thoroughly rounded. For reliable demoulding, the diameter of the runner must exceed that of the curved tunnel.<\/p><\/div><\/p>\n<p><\/div> <div class=\"one_half last\"><\/p>\n<p style=\"text-align: center;\"><img decoding=\"async\" class=\"size-full wp-image-1108 aligncenter\" src=\"\/wp-content\/uploads\/2013\/10\/bsp_gxk1_neu_gross.jpg\" alt=\"bsp_gxk1_neu_gross\" width=\"207\" height=\"204\" srcset=\"https:\/\/exaflow.de\/wp-content\/uploads\/2013\/10\/bsp_gxk1_neu_gross.jpg 207w, https:\/\/exaflow.de\/wp-content\/uploads\/2013\/10\/bsp_gxk1_neu_gross-150x147.jpg 150w, https:\/\/exaflow.de\/wp-content\/uploads\/2013\/10\/bsp_gxk1_neu_gross-75x75.jpg 75w\" sizes=\"(max-width: 207px) 100vw, 207px\" \/><\/p>\n<p><div id=\"attachment_1106\" style=\"width: 210px\" class=\"wp-caption aligncenter\"><img decoding=\"async\" aria-describedby=\"caption-attachment-1106\" class=\"img-responsive wp-image-1106 size-full\" src=\"\/wp-content\/uploads\/2013\/10\/bsp_gxk1_auswerfer.jpg\" alt=\"bsp_gxk1_auswerfer\" width=\"200\" height=\"184\" srcset=\"https:\/\/exaflow.de\/wp-content\/uploads\/2013\/10\/bsp_gxk1_auswerfer.jpg 200w, https:\/\/exaflow.de\/wp-content\/uploads\/2013\/10\/bsp_gxk1_auswerfer-150x138.jpg 150w\" sizes=\"(max-width: 200px) 100vw, 200px\" \/><p id=\"caption-attachment-1106\" class=\"wp-caption-text\">Contouring of a supporting ejector<\/p><\/div><\/p>\n<p><div id=\"attachment_1105\" style=\"width: 210px\" class=\"wp-caption aligncenter\"><img decoding=\"async\" aria-describedby=\"caption-attachment-1105\" class=\"img-responsive wp-image-1105 size-full\" src=\"\/wp-content\/uploads\/2013\/10\/bsp_gxk1_anguss.jpg\" alt=\"bsp_gxk1_anguss\" width=\"200\" height=\"184\" srcset=\"https:\/\/exaflow.de\/wp-content\/uploads\/2013\/10\/bsp_gxk1_anguss.jpg 200w, https:\/\/exaflow.de\/wp-content\/uploads\/2013\/10\/bsp_gxk1_anguss-150x138.jpg 150w\" sizes=\"(max-width: 200px) 100vw, 200px\" \/><p id=\"caption-attachment-1105\" class=\"wp-caption-text\">Optimum gate geometry, with edges rounded<\/p><\/div><\/p>\n<p><\/div><div class=\"clear\"><\/div><\/p>\n<p>Maxiflow GXK-2 &#8220;Gating point up to 5 mm above and below the parting line&#8221;<\/p>\n<p><strong>Features:<\/strong><\/p>\n<ul>\n<li>Gating point may be located up to 5\u00a0mm aboveand below\u00a0the parting line<\/li>\n<li>Gate may be remote from moulding wall<\/li>\n<li>The spherical geometry in the gate area permits gating on inclined or curved surfaces<\/li>\n<\/ul>\n<p><div class=\"one_half\"><\/p>\n<p><div id=\"attachment_2988\" style=\"width: 410px\" class=\"wp-caption alignnone\"><img decoding=\"async\" aria-describedby=\"caption-attachment-2988\" class=\"img-responsive wp-image-2988 size-full\" src=\"\/wp-content\/uploads\/2013\/10\/bsp_gxk2_3d.jpg\" alt=\"\" width=\"400\" height=\"347\" srcset=\"https:\/\/exaflow.de\/wp-content\/uploads\/2013\/10\/bsp_gxk2_3d.jpg 400w, https:\/\/exaflow.de\/wp-content\/uploads\/2013\/10\/bsp_gxk2_3d-300x260.jpg 300w, https:\/\/exaflow.de\/wp-content\/uploads\/2013\/10\/bsp_gxk2_3d-150x130.jpg 150w\" sizes=\"(max-width: 400px) 100vw, 400px\" \/><p id=\"caption-attachment-2988\" class=\"wp-caption-text\">For best operating results the Maxiflow insert requires one central ejector and one supporting ejector. Please ensure that all sharp edges in the runner are thoroughly rounded. For reliable demoulding, the diameter of the runner must exceed that of the curved tunnel.<\/p><\/div><\/p>\n<p><\/div><\/p>\n<p><div class=\"one_half last\"><\/p>\n<p style=\"text-align: center;\"><img decoding=\"async\" class=\"img-responsive alignnone wp-image-2997 size-full\" src=\"\/wp-content\/uploads\/2013\/10\/bsp_gxk2_neu_gross.jpg\" alt=\"\" width=\"207\" height=\"204\" srcset=\"https:\/\/exaflow.de\/wp-content\/uploads\/2013\/10\/bsp_gxk2_neu_gross.jpg 207w, https:\/\/exaflow.de\/wp-content\/uploads\/2013\/10\/bsp_gxk2_neu_gross-150x147.jpg 150w, https:\/\/exaflow.de\/wp-content\/uploads\/2013\/10\/bsp_gxk2_neu_gross-75x75.jpg 75w\" sizes=\"(max-width: 207px) 100vw, 207px\" \/><\/p>\n<p><div id=\"attachment_2994\" style=\"width: 210px\" class=\"wp-caption alignnone\"><img decoding=\"async\" aria-describedby=\"caption-attachment-2994\" class=\"img-responsive wp-image-2994 size-full\" src=\"\/wp-content\/uploads\/2013\/10\/bsp_gxk2_auswerfer.jpg\" alt=\"\" width=\"200\" height=\"184\" srcset=\"https:\/\/exaflow.de\/wp-content\/uploads\/2013\/10\/bsp_gxk2_auswerfer.jpg 200w, https:\/\/exaflow.de\/wp-content\/uploads\/2013\/10\/bsp_gxk2_auswerfer-150x138.jpg 150w\" sizes=\"(max-width: 200px) 100vw, 200px\" \/><p id=\"caption-attachment-2994\" class=\"wp-caption-text\">Contouring of a supporting ejector<\/p><\/div><\/p>\n<p><div id=\"attachment_2991\" style=\"width: 210px\" class=\"wp-caption alignnone\"><img decoding=\"async\" aria-describedby=\"caption-attachment-2991\" class=\"img-responsive wp-image-2991 size-full\" src=\"\/wp-content\/uploads\/2013\/10\/bsp_gxk2_anguss.jpg\" alt=\"\" width=\"200\" height=\"184\" srcset=\"https:\/\/exaflow.de\/wp-content\/uploads\/2013\/10\/bsp_gxk2_anguss.jpg 200w, https:\/\/exaflow.de\/wp-content\/uploads\/2013\/10\/bsp_gxk2_anguss-150x138.jpg 150w\" sizes=\"(max-width: 200px) 100vw, 200px\" \/><p id=\"caption-attachment-2991\" class=\"wp-caption-text\">Optimum gate geometry, with edges rounded<\/p><\/div><\/p>\n<p><\/div><div class=\"clear\"><\/div><\/p>\n<p>Maxiflow GXK-3 &#8220;Gating point up to 10 mm\u00a0below the parting line&#8221;<\/p>\n<p><strong>Features:<\/strong><\/p>\n<ul>\n<li>Gating point may be located up to 10 mm below\u00a0the parting line<\/li>\n<li>Gate may be remote from moulding wall<\/li>\n<li>The spherical geometry in the gate area permits gating on inclined or curved surfaces<\/li>\n<\/ul>\n<p><div class=\"one_half\"><\/p>\n<p><div id=\"attachment_3000\" style=\"width: 410px\" class=\"wp-caption alignnone\"><img decoding=\"async\" aria-describedby=\"caption-attachment-3000\" class=\"img-responsive wp-image-3000 size-full\" src=\"\/wp-content\/uploads\/2013\/10\/bsp_gxk3_3d.jpg\" alt=\"\" width=\"400\" height=\"347\" srcset=\"https:\/\/exaflow.de\/wp-content\/uploads\/2013\/10\/bsp_gxk3_3d.jpg 400w, https:\/\/exaflow.de\/wp-content\/uploads\/2013\/10\/bsp_gxk3_3d-300x260.jpg 300w, https:\/\/exaflow.de\/wp-content\/uploads\/2013\/10\/bsp_gxk3_3d-150x130.jpg 150w\" sizes=\"(max-width: 400px) 100vw, 400px\" \/><p id=\"caption-attachment-3000\" class=\"wp-caption-text\">For best operating results the Maxiflow insert requires one central ejector and one supporting ejector. Please ensure that all sharp edges in the runner are thoroughly rounded. For reliable demoulding, the diameter of the runner must exceed that of the curved tunnel.<\/p><\/div><\/p>\n<p><\/div><\/p>\n<p><div class=\"one_half last\"><\/p>\n<p style=\"text-align: center;\"><img decoding=\"async\" class=\"alignnone wp-image-3009 size-full\" src=\"\/wp-content\/uploads\/2013\/10\/bsp_gxk3_neu_gross.jpg\" alt=\"\" width=\"207\" height=\"204\" srcset=\"https:\/\/exaflow.de\/wp-content\/uploads\/2013\/10\/bsp_gxk3_neu_gross.jpg 207w, https:\/\/exaflow.de\/wp-content\/uploads\/2013\/10\/bsp_gxk3_neu_gross-150x147.jpg 150w, https:\/\/exaflow.de\/wp-content\/uploads\/2013\/10\/bsp_gxk3_neu_gross-75x75.jpg 75w\" sizes=\"(max-width: 207px) 100vw, 207px\" \/><\/p>\n<p><div id=\"attachment_3006\" style=\"width: 210px\" class=\"wp-caption alignnone\"><img decoding=\"async\" aria-describedby=\"caption-attachment-3006\" class=\"img-responsive wp-image-3006 size-full\" src=\"\/wp-content\/uploads\/2013\/10\/bsp_gxk3_auswerfer.jpg\" alt=\"\" width=\"200\" height=\"184\" srcset=\"https:\/\/exaflow.de\/wp-content\/uploads\/2013\/10\/bsp_gxk3_auswerfer.jpg 200w, https:\/\/exaflow.de\/wp-content\/uploads\/2013\/10\/bsp_gxk3_auswerfer-150x138.jpg 150w\" sizes=\"(max-width: 200px) 100vw, 200px\" \/><p id=\"caption-attachment-3006\" class=\"wp-caption-text\">Contouring of a supporting ejector<\/p><\/div><\/p>\n<p><div id=\"attachment_3003\" style=\"width: 210px\" class=\"wp-caption alignnone\"><img decoding=\"async\" aria-describedby=\"caption-attachment-3003\" class=\"img-responsive wp-image-3003 size-full\" src=\"\/wp-content\/uploads\/2013\/10\/bsp_gxk3_anguss.jpg\" alt=\"\" width=\"200\" height=\"184\" srcset=\"https:\/\/exaflow.de\/wp-content\/uploads\/2013\/10\/bsp_gxk3_anguss.jpg 200w, https:\/\/exaflow.de\/wp-content\/uploads\/2013\/10\/bsp_gxk3_anguss-150x138.jpg 150w\" sizes=\"(max-width: 200px) 100vw, 200px\" \/><p id=\"caption-attachment-3003\" class=\"wp-caption-text\">Optimum gate geometry, with edges rounded<\/p><\/div><\/p>\n<p><\/div><div class=\"clear\"><\/div><\/p>\n<p><\/li>\n<li id=\"t3Tab\"><div class=\"one_half\"><strong style=\"color: #333333;\">Installation dimensions \u201cGXK\u201d<\/strong><\/p>\n<p><span style=\"color: #000000;\">Recommended distances \u201c<\/span><span class=\"fett\" style=\"font-weight: bold; color: #000000;\">L<\/span><span style=\"color: #000000;\">\u201d from the injection point to the sprue ejector are given below for the various material groups.\u00a0<\/span><\/p>\n<p>The distance \u201c<span class=\"fett\" style=\"font-weight: bold;\">AT<\/span>\u201d describes the correlated ejector depth.<\/p>\n<p><a href=\"\/wp-content\/uploads\/2014\/11\/Einbaumass_gxk_englisch.jpg\"><img decoding=\"async\" class=\"img-responsive alignnone wp-image-2945 size-full\" src=\"\/wp-content\/uploads\/2014\/11\/Einbaumass_gxk_englisch.jpg\" alt=\"Einbaumass_gxk_englisch\" width=\"350\" height=\"355\" srcset=\"https:\/\/exaflow.de\/wp-content\/uploads\/2014\/11\/Einbaumass_gxk_englisch.jpg 350w, https:\/\/exaflow.de\/wp-content\/uploads\/2014\/11\/Einbaumass_gxk_englisch-295x300.jpg 295w, https:\/\/exaflow.de\/wp-content\/uploads\/2014\/11\/Einbaumass_gxk_englisch-147x150.jpg 147w, https:\/\/exaflow.de\/wp-content\/uploads\/2014\/11\/Einbaumass_gxk_englisch-75x75.jpg 75w\" sizes=\"(max-width: 350px) 100vw, 350px\" \/><\/a>\u00a0<\/div><div class=\"one_half last\">\u00a0<a href=\"https:\/\/exaflow.de\/wp-content\/uploads\/2017\/09\/Web_Einbauma\u00df_gxk_01.png\"><img decoding=\"async\" class=\"alignnone wp-image-4173 size-full\" src=\"https:\/\/exaflow.de\/wp-content\/uploads\/2017\/09\/Web_Einbauma\u00df_gxk_01.png\" alt=\"\" width=\"413\" height=\"760\" srcset=\"https:\/\/exaflow.de\/wp-content\/uploads\/2017\/09\/Web_Einbauma\u00df_gxk_01.png 413w, https:\/\/exaflow.de\/wp-content\/uploads\/2017\/09\/Web_Einbauma\u00df_gxk_01-163x300.png 163w, https:\/\/exaflow.de\/wp-content\/uploads\/2017\/09\/Web_Einbauma\u00df_gxk_01-82x150.png 82w\" sizes=\"(max-width: 413px) 100vw, 413px\" \/><\/a> <\/div><div class=\"clear\"><\/div> <\/li>\n<li id=\"t5Tab\"><\/p>\n<p><strong>Thermoplastics Elastomers<\/strong><\/p>\n<p><span style=\"color: #222222;\">When processing thermoplastic elastomers, please observe the following recommendations to ensure reliable de-molding:<\/span><\/p>\n<ul>\n<li>The distance &#8220;L&#8221; should decrease with the Shore hardness value.<\/li>\n<li>The guide length L*0.8 does not apply to TPEs (or TPU, TPA, respectively). In these applications, a centering cone should be provided as shown in our drawing.<\/li>\n<li>This application instruction applies to elastomers in the medium Shore hardness range (uo to 100 Shore A).<\/li>\n<\/ul>\n<p><img decoding=\"async\" class=\"img-responsive alignnone wp-image-2785 size-full\" src=\"\/wp-content\/uploads\/2014\/11\/tpe_englisch.jpg\" alt=\"tpe_englisch\" width=\"500\" height=\"736\" srcset=\"https:\/\/exaflow.de\/wp-content\/uploads\/2014\/11\/tpe_englisch.jpg 500w, https:\/\/exaflow.de\/wp-content\/uploads\/2014\/11\/tpe_englisch-203x300.jpg 203w, https:\/\/exaflow.de\/wp-content\/uploads\/2014\/11\/tpe_englisch-101x150.jpg 101w\" sizes=\"(max-width: 500px) 100vw, 500px\" \/>\u00a0<\/li>\n<li id=\"t9Tab\"><span style=\"color: #000000;\"><b>Gate sizes<\/b><\/span><\/p>\n<p>We would like to make it as easy as possible for you to select the right gate size. To help you make your choice we have plotted a number of charts indicating the range of possible gate sizes for a given molding weight and material.\u00a0<span style=\"color: #222222;\">Please take into account the viscosity of the plastic before making your selection.\u00a0<\/span><span style=\"color: #222222;\">Since the plastics industry is marketing an ever growing number of modified plastics in each category, it is impossible to provide binding data here. Please also note our warranty disclaimer.<\/span><\/p>\n<p><img decoding=\"async\" class=\"img-responsive alignnone wp-image-2373 size-full\" src=\"\/wp-content\/uploads\/2014\/07\/table_of_viscosity_low_Konturflow_mit_Text_900x765.png\" alt=\"table_of_viscosity_low_Konturflow_mit_Text_900x765\" width=\"900\" height=\"764\" srcset=\"https:\/\/exaflow.de\/wp-content\/uploads\/2014\/07\/table_of_viscosity_low_Konturflow_mit_Text_900x765.png 900w, https:\/\/exaflow.de\/wp-content\/uploads\/2014\/07\/table_of_viscosity_low_Konturflow_mit_Text_900x765-300x254.png 300w, https:\/\/exaflow.de\/wp-content\/uploads\/2014\/07\/table_of_viscosity_low_Konturflow_mit_Text_900x765-150x127.png 150w\" sizes=\"(max-width: 900px) 100vw, 900px\" \/>\u00a0<\/li>\n<li id=\"t12Tab\"><strong>EXAFLOW\u00a0Tunnel Gate Inserts<\/strong><\/p>\n<p><strong>Catamold 420W-DIN 1.4028-X20Cr13<\/strong>\u00a0 ( until July 2017,\u00a0 100Cr6 1.3505 )<\/p>\n<p><strong>Material designation:<\/strong><br \/>\nBASF Catamold 420W &#8211; DIN 1.4028 \u2013 X20Cr13.<br \/>\nHardable stainless steel for production of MIM-Parts.<\/p>\n<p><strong>Applications:<br \/>\n<\/strong>Components with high hardness and wear resistance combined with good corrosion resistance against water and steam; e. g. tools, cutting blades, surgical instruments, nozzles, bearings.<strong><br \/>\n<\/strong><\/p>\n<ul>\n<li>High wear resistance<\/li>\n<li>High corrosion resistance<\/li>\n<li>Good machinability<\/li>\n<li>Weldable<\/li>\n<\/ul>\n<p><strong>Composition:<br \/>\n<\/strong>C = 0.35 \u2013 0.50 %<strong><br \/>\n<\/strong>Cr = 12 &#8211; 14 %<strong><br \/>\n<\/strong>Fe = Balance<\/p>\n<p>Surface quality, roughness Ra 0.8 \u2013 1.3<\/p>\n<table border=\"0\" cellspacing=\"0\" cellpadding=\"3\">\n<tbody>\n<tr>\n<td nowrap=\"nowrap\" bgcolor=\"#293c65\"><strong><span style=\"color: #333333;\">Properties:<\/span><br \/>\n<\/strong><\/td>\n<td align=\"center\" nowrap=\"nowrap\" bgcolor=\"#293c65\"><\/td>\n<\/tr>\n<tr bgcolor=\"#b6d1f3\">\n<td><span style=\"color: #222222;\">Density<\/span><\/td>\n<td align=\"center\">7.6 g\/cm\u00b3<\/td>\n<\/tr>\n<tr>\n<td><span style=\"color: #222222;\">Carbon content<\/span><\/td>\n<td align=\"center\">0.35 \u2013 0.50 %<\/td>\n<\/tr>\n<tr bgcolor=\"#b6d1f3\">\n<td><span style=\"color: #222222;\">Hardness<\/span><\/td>\n<td align=\"center\">50 +5 HRC<\/td>\n<\/tr>\n<tr bgcolor=\"#b6d1f3\">\n<td><span style=\"color: #222222;\">Ultimate Tensile Strength Rm\u00a0\u00a0\u00a0\u00a0\u00a0\u00a0(heat-treated)<\/span><\/td>\n<td align=\"center\">1560 mm\u00b2<\/td>\n<\/tr>\n<\/tbody>\n<\/table>\n<p><\/li><\/ul>\n<\/p>\n<\/div>\n<div class=\"one_fourth alignleft\"><center><span style=\"font-size: 24px; font-weight: bold; color: #304d70;\">SERVICE<\/span><\/center><\/p>\n<div style=\"border-right: 2px solid #304D70; height: 100%;\"><a href=\"\/wp-content\/uploads\/2014\/11\/exa_beratung_pikto.png\"><br \/>\n<\/a><a href=\"https:\/\/exaflow.de\/en\/support\/expert-advice\/\"><img decoding=\"async\" class=\"img-responsive aligncenter wp-image-2896 size-full\" src=\"\/wp-content\/uploads\/2014\/11\/exa_beratung_pikto.png\" alt=\"exa_beratung_pikto\" width=\"165\" height=\"187\" srcset=\"https:\/\/exaflow.de\/wp-content\/uploads\/2014\/11\/exa_beratung_pikto.png 165w, https:\/\/exaflow.de\/wp-content\/uploads\/2014\/11\/exa_beratung_pikto-132x150.png 132w\" sizes=\"(max-width: 165px) 100vw, 165px\" \/><\/a><\/div>\n<div style=\"border-right: 2px solid #304D70; height: 100%;\"><a href=\"\/wp-content\/uploads\/2024\/01\/EXAflow-GXK.pdf\"><img decoding=\"async\" class=\"img-responsive aligncenter wp-image-2894 size-full\" src=\"https:\/\/exaflow.de\/wp-content\/uploads\/2014\/11\/exa_anleitung_pikto.png\" alt=\"exa_anleitung_pikto\" width=\"165\" height=\"187\" srcset=\"https:\/\/exaflow.de\/wp-content\/uploads\/2014\/11\/exa_anleitung_pikto.png 165w, https:\/\/exaflow.de\/wp-content\/uploads\/2014\/11\/exa_anleitung_pikto-132x150.png 132w\" sizes=\"(max-width: 165px) 100vw, 165px\" \/><\/a><\/div>\n<div style=\"border-right: 2px solid #304D70; height: 100%;\"><a href=\"https:\/\/exaflow.de\/wp-content\/uploads\/2023\/11\/calotte-desing.pdf\"><img decoding=\"async\" class=\"img-responsive aligncenter wp-image-2900 size-full\" src=\"https:\/\/exaflow.de\/wp-content\/uploads\/2014\/11\/exa_konstruktion_pikto2.png\" alt=\"exa_konstruktion_pikto2\" width=\"165\" height=\"187\" srcset=\"https:\/\/exaflow.de\/wp-content\/uploads\/2014\/11\/exa_konstruktion_pikto2.png 165w, https:\/\/exaflow.de\/wp-content\/uploads\/2014\/11\/exa_konstruktion_pikto2-132x150.png 132w\" sizes=\"(max-width: 165px) 100vw, 165px\" \/><\/a><\/div>\n<div style=\"border-right: 2px solid #304D70; height: 100%;\"><a href=\"https:\/\/exaflow.de\/en\/support\/cad-data\/\"><img decoding=\"async\" class=\"img-responsive aligncenter wp-image-2898 size-full\" src=\"\/wp-content\/uploads\/2014\/11\/exa_cad_pikto.png\" alt=\"exa_cad_pikto\" width=\"165\" height=\"187\" srcset=\"https:\/\/exaflow.de\/wp-content\/uploads\/2014\/11\/exa_cad_pikto.png 165w, https:\/\/exaflow.de\/wp-content\/uploads\/2014\/11\/exa_cad_pikto-132x150.png 132w\" sizes=\"(max-width: 165px) 100vw, 165px\" \/><\/a><\/div>\n<\/div>\n","protected":false},"excerpt":{"rendered":"<p>SERVICE<\/p>\n","protected":false},"author":4,"featured_media":0,"parent":2603,"menu_order":0,"comment_status":"closed","ping_status":"closed","template":"normal-page.php","meta":{"footnotes":""},"class_list":["post-2607","page","type-page","status-publish","hentry"],"_links":{"self":[{"href":"https:\/\/exaflow.de\/en\/wp-json\/wp\/v2\/pages\/2607","targetHints":{"allow":["GET"]}}],"collection":[{"href":"https:\/\/exaflow.de\/en\/wp-json\/wp\/v2\/pages"}],"about":[{"href":"https:\/\/exaflow.de\/en\/wp-json\/wp\/v2\/types\/page"}],"author":[{"embeddable":true,"href":"https:\/\/exaflow.de\/en\/wp-json\/wp\/v2\/users\/4"}],"replies":[{"embeddable":true,"href":"https:\/\/exaflow.de\/en\/wp-json\/wp\/v2\/comments?post=2607"}],"version-history":[{"count":0,"href":"https:\/\/exaflow.de\/en\/wp-json\/wp\/v2\/pages\/2607\/revisions"}],"up":[{"embeddable":true,"href":"https:\/\/exaflow.de\/en\/wp-json\/wp\/v2\/pages\/2603"}],"wp:attachment":[{"href":"https:\/\/exaflow.de\/en\/wp-json\/wp\/v2\/media?parent=2607"}],"curies":[{"name":"wp","href":"https:\/\/api.w.org\/{rel}","templated":true}]}}